{"id":6627,"date":"2025-05-15T17:19:10","date_gmt":"2025-05-15T21:19:10","guid":{"rendered":"https:\/\/www.postmanlaw.com\/?page_id=6627"},"modified":"2025-09-08T14:23:59","modified_gmt":"2025-09-08T18:23:59","slug":"aviso-legal","status":"publish","type":"page","link":"https:\/\/postmanlaw.829dev.com\/es\/legal-disclaimer\/","title":{"rendered":"Aviso legal"},"content":{"rendered":"<p>LEA ATENTAMENTE LAS SIGUIENTES CONDICIONES DE SERVICIO Y AVISOS LEGALES (LAS \"CONDICIONES\") ANTES DE UTILIZAR EL SITIO WEB DE POSTMAN LAW. Las Condiciones le informan de sus derechos (y de los nuestros) y contienen ciertas informaciones exigidas por la ley. Al utilizar el Sitio, usted acepta las Condiciones. Si no est\u00e1 de acuerdo con los T\u00e9rminos, no podr\u00e1 utilizar el sitio web. Postman Law (\"Postman Law\"), a su sola discreci\u00f3n, puede modificar, a\u00f1adir o eliminar cualquiera de los T\u00e9rminos sin darle aviso individual a usted, mediante la publicaci\u00f3n de los cambios en el sitio web. El uso continuado del sitio web implica la aceptaci\u00f3n de dichos cambios.&nbsp;<\/p>\n\n\n\n<p>Postman Law proporciona la informaci\u00f3n contenida en este sitio web para comodidad de sus visitantes. Sin embargo, este sitio web no pretende ni debe utilizarse como sustituto del asesoramiento jur\u00eddico. Postman Law no garantiza la exactitud o fiabilidad de los contenidos de este sitio o de los sitios web a los que enlaza. Postman Law no asume responsabilidad alguna por la confianza depositada en la informaci\u00f3n proporcionada.&nbsp;<\/p>\n\n\n\n<p>El material de este sitio web tiene \u00fanicamente fines informativos generales y no constituye asesoramiento jur\u00eddico. El material se presenta \"tal cual\". Ni Postman Law ni ninguna de sus filiales, socios o empleados, hace ninguna representaci\u00f3n, expresa o impl\u00edcita, con respecto a la puntualidad, exactitud o integridad de cualquiera de los contenidos de este sitio web, y renuncia expresamente a cualquier responsabilidad o garant\u00eda, expresa o impl\u00edcita, incluyendo, sin limitaci\u00f3n, cualquier garant\u00eda impl\u00edcita de comerciabilidad, idoneidad para un prop\u00f3sito particular, o no infracci\u00f3n. Postman Law declina expresamente toda responsabilidad por cualquier acci\u00f3n, o falta de acci\u00f3n, basada en cualquiera de los contenidos del sitio web. Su \u00fanico recurso en caso de insatisfacci\u00f3n con cualquiera de sus contenidos es abstenerse de utilizar el sitio web. La informaci\u00f3n proporcionada o citada por terceros no refleja necesariamente las opiniones de Postman Law o de sus clientes.&nbsp;<\/p>\n\n\n\n<p>El uso de este sitio web y cualquiera de sus enlaces \/ recursos, y la recepci\u00f3n de la informaci\u00f3n en este sitio web, no pretende crear, y la recepci\u00f3n no constituye, una relaci\u00f3n abogado-cliente o contrato con Postman Law. Esta informaci\u00f3n no pretende sustituir la obtenci\u00f3n de asesoramiento legal de su abogado. Ning\u00fan lector, usuario, o navegador de este sitio debe actuar (o abstenerse de actuar), o de otro tipo de confianza, sobre la base de cualquier informaci\u00f3n en este sitio sin antes buscar asesoramiento legal de su abogado. Postman Law no puede y no actuar\u00e1 como sus abogados a menos que usted y Postman Law acuerden expresamente, por adelantado y por escrito, que actuaremos como sus abogados. El plazo de prescripci\u00f3n (la fecha l\u00edmite impuesta por la ley dentro de la cual usted puede presentar una demanda) puede limitar severamente el tiempo que le queda para presentar cualquier posible reclamaci\u00f3n que usted pueda tener.<br>&nbsp;<\/p>\n\n\n\n<p>Al enviarnos informaci\u00f3n, usted acepta y entiende que est\u00e1 dando libremente su consentimiento previo por escrito para ser contactado por (o en nombre de) Postman Law. Este consentimiento prevalece sobre el hecho de que usted pueda haberse inscrito previamente en un registro de \"No Llamar\" o similar y, en consecuencia, podemos ponernos en contacto con usted directamente si tenemos alg\u00fan inter\u00e9s en discutir su(s) posible(s) reclamaci\u00f3n(es) con usted (incluyendo, sin limitaci\u00f3n, por correo electr\u00f3nico, llamadas telef\u00f3nicas y \/ o mensajes de texto a cualquier n\u00famero de tel\u00e9fono o direcci\u00f3n de correo electr\u00f3nico que usted haya proporcionado), a menos que posteriormente solicite por escrito su deseo de no ser contactado. Entiende que su operador de telefon\u00eda m\u00f3vil puede cobrarle por dichos contactos. Asimismo, usted entiende y acepta que estos contactos pueden ser generados por un marcador autom\u00e1tico y pueden contener mensajes pregrabados, y que su consentimiento previo por escrito excluye y niega todas las reclamaciones en virtud de la Ley de Protecci\u00f3n del Consumidor Telef\u00f3nico y otras leyes de aplicaci\u00f3n similar. Al enviarnos informaci\u00f3n, tambi\u00e9n acepta que utilicemos sus datos de contacto para enviarle boletines electr\u00f3nicos. En ning\u00fan caso estamos obligados a ponernos en contacto con usted en relaci\u00f3n con su(s) posible(s) reclamaci\u00f3n(es), sino que podemos hacerlo o no a nuestra entera discreci\u00f3n. Al aceptar la presentaci\u00f3n de su informaci\u00f3n, no ofrecemos ning\u00fan consejo sobre si usted puede tener un recurso legal para su(s) posible(s) reclamaci\u00f3n(es); no hacemos ninguna representaci\u00f3n o garant\u00eda de que obtendr\u00e1 satisfacci\u00f3n, justicia o compensaci\u00f3n por su(s) posible(s) reclamaci\u00f3n(es); y no ofrecemos ninguna opini\u00f3n sobre los m\u00e9ritos de cualquier posible reclamaci\u00f3n que usted pueda tener. Si tanto Postman Law como usted no acuerdan por adelantado y por escrito crear una relaci\u00f3n abogado-cliente, no existir\u00e1 ninguna. Mientras tanto, usted debe buscar y contratar el asesoramiento de otro abogado si tiene la intenci\u00f3n de llevar a cabo cualquier reclamaci\u00f3n potencial para evitar que su caso potencial prescriba por los estatutos pertinentes de limitaci\u00f3n, estatutos de caducidad, y \/ o otros plazos similares por los que debe presentar una demanda o perder el derecho a hacerlo.<br>&nbsp;<\/p>\n\n\n\n<p>Los abogados de Postman Law ejercen en los tribunales federales de distrito y en los tribunales estatales en los que est\u00e1n admitidos o autorizados a ejercer. Todos los estados y jurisdicciones tienen estatutos que hacen ilegal que cualquier persona o grupo de personas se presenten como abogados a menos que est\u00e9n autorizados para ejercer como abogados. Este sitio web no constituye una solicitud en, o como Postman Law sosteniendo cualquiera de sus abogados como autorizados para ejercer, en cualquier estado donde los abogados de Postman Law no est\u00e1n admitidos y autorizados para ejercer.<br>&nbsp;<\/p>\n\n\n\n<p>Este sitio web puede considerarse publicidad en algunas jurisdicciones en virtud de la legislaci\u00f3n y las normas \u00e9ticas aplicables. La determinaci\u00f3n de la necesidad de servicios jur\u00eddicos y la elecci\u00f3n de un abogado son decisiones extremadamente importantes y no deben basarse \u00fanicamente en la publicidad o en la experiencia autoproclamada. Usted puede solicitar informaci\u00f3n adicional sobre nuestra firma, y le animamos a revisar otras fuentes de informaci\u00f3n sobre nuestra firma. Postman Law no ofrece ninguna garant\u00eda de los resultados del caso. El \u00e9xito pasado en litigios no garantiza el \u00e9xito en cualquier demanda nueva o futura.<br>&nbsp;<\/p>\n\n\n\n<p>Si se comunica con nosotros a trav\u00e9s de nuestro sitio web o de cualquier otro modo en relaci\u00f3n con un asunto para el que a\u00fan no le representamos, su comunicaci\u00f3n puede no ser tratada como privilegiada o confidencial. Le rogamos que no nos transmita ninguna informaci\u00f3n confidencial porque no estaremos obligados a tratar dicha informaci\u00f3n como privilegiada o confidencial hasta que y a menos que tengamos una relaci\u00f3n abogado-cliente con usted. Si se comunica con nosotros por correo electr\u00f3nico en relaci\u00f3n con un asunto para el que ya le representamos, recuerde que el correo electr\u00f3nico puede no ser seguro. Debe evitar enviar mensajes de correo electr\u00f3nico sensibles o confidenciales, a menos que est\u00e9n adecuadamente encriptados. Si prefiere ponerse en contacto con Postman Law por tel\u00e9fono, p\u00f3ngase en contacto con nuestra oficina de Chicago en el (844) 767-8626.<br>&nbsp;<\/p>\n\n\n\n<p>Este sitio web puede contener enlaces a otros recursos de Internet. Dichos enlaces se proporcionan \u00fanicamente para ayudarle a identificar y localizar otros recursos de Internet que puedan ser de su inter\u00e9s, y no pretenden afirmar o implicar que Postman Law patrocine, recomiende o respalde los contenidos del sitio web de terceros, o que Postman Law est\u00e9 de otro modo afiliado o asociado con, o est\u00e9 legalmente autorizado a utilizar cualquier nombre comercial, marca registrada, logotipo, sello legal u oficial, o s\u00edmbolo protegido por derechos de autor que pueda reflejarse en los enlaces.<br>&nbsp;<\/p>\n\n\n\n<p>En la medida en que las normas del colegio de abogados del estado requieran que Postman Law designe una oficina principal y\/o un \u00fanico abogado responsable de este sitio, Postman Law designa a Jonathan Lubin como el abogado responsable de este sitio.&nbsp;<\/p>\n\n\n\n<p>Postman Law podr\u00e1 modificar, suspender o interrumpir este sitio web en cualquier momento y por cualquier motivo, sin previo aviso ni coste alguno. El sitio web puede dejar de estar disponible debido a mantenimiento o mal funcionamiento u otras razones.<br>&nbsp;<\/p>\n\n\n\n<p>Este sitio web es propiedad de Postman Law y est\u00e1 destinado exclusivamente a fines informativos. Postman Law no est\u00e1 patrocinado, afiliado, aprobado ni respaldado por ninguna de las empresas o personas aqu\u00ed identificadas.<br>&nbsp;<\/p>\n\n\n\n<p>Los abogados individuales de Postman Law est\u00e1n licenciados, admitidos o autorizados para ejercer s\u00f3lo en las jurisdicciones indicadas en sus biograf\u00edas en este sitio web.<br>&nbsp;<\/p>\n\n\n\n<p>A menos que se indique lo contrario, este sitio web y todos sus contenidos est\u00e1n protegidos por las leyes de marcas comerciales, derechos de autor y otras leyes de propiedad intelectual de los Estados Unidos y otras jurisdicciones. Los nombres comerciales, marcas registradas y marcas de servicio de Postman Law no pueden ser utilizados por usted en relaci\u00f3n con cualquier producto o servicio. Bajo ninguna circunstancia, puede reproducir, revender, modificar, distribuir, transmitir o mostrar con fines comerciales cualquiera de sus contenidos, o incluir cualquier parte de este sitio web en otro trabajo, sin el permiso expreso y por escrito de Postman Law.&nbsp;<\/p>","protected":false},"excerpt":{"rendered":"<p>PLEASE READ THE FOLLOWING TERMS OF SERVICES &amp; LEGAL NOTICES (THE \u201cTERMS\u201d) CAREFULLY BEFORE USING THE POSTMAN LAW WEBSITE. The Terms tell you about your (and our) rights and make certain disclosures required by the law. By using the Site, you agree to the Terms. If you do not agree to the Terms, you may [&hellip;]<\/p>\n","protected":false},"author":6,"featured_media":0,"parent":0,"menu_order":14,"comment_status":"closed","ping_status":"closed","template":"","meta":{"_acf_changed":false,"_relevanssi_hide_post":"","_relevanssi_hide_content":"","_relevanssi_pin_for_all":"","_relevanssi_pin_keywords":"","_relevanssi_unpin_keywords":"","_relevanssi_related_keywords":"","_relevanssi_related_include_ids":"","_relevanssi_related_exclude_ids":"","_relevanssi_related_no_append":"","_relevanssi_related_not_related":"","_relevanssi_related_posts":"","_relevanssi_noindex_reason":"","footnotes":""},"class_list":["post-6627","page","type-page","status-publish","hentry"],"acf":[],"yoast_head":"<!-- This site is optimized with the Yoast SEO plugin v27.5 - https:\/\/yoast.com\/product\/yoast-seo-wordpress\/ -->\n<title>Legal Disclaimer - Postman Law<\/title>\n<meta name=\"description\" content=\"Read our legal disclaimer.\" \/>\n<meta name=\"robots\" content=\"index, follow, max-snippet:-1, max-image-preview:large, max-video-preview:-1\" \/>\n<link rel=\"canonical\" href=\"https:\/\/postmanlaw.829dev.com\/es\/aviso-legal\/\" \/>\n<meta property=\"og:locale\" content=\"es_MX\" \/>\n<meta property=\"og:type\" content=\"article\" \/>\n<meta property=\"og:title\" content=\"Legal Disclaimer - Postman Law\" \/>\n<meta property=\"og:description\" content=\"Read our legal disclaimer.\" \/>\n<meta property=\"og:url\" content=\"https:\/\/postmanlaw.829dev.com\/es\/aviso-legal\/\" \/>\n<meta property=\"og:site_name\" content=\"Postman Law\" \/>\n<meta property=\"article:modified_time\" content=\"2025-09-08T18:23:59+00:00\" \/>\n<meta name=\"twitter:card\" content=\"summary_large_image\" \/>\n<meta name=\"twitter:label1\" content=\"Est. reading time\" \/>\n\t<meta name=\"twitter:data1\" content=\"7 minutes\" \/>\n<script type=\"application\/ld+json\" class=\"yoast-schema-graph\">{\"@context\":\"https:\\\/\\\/schema.org\",\"@graph\":[{\"@type\":\"WebPage\",\"@id\":\"https:\\\/\\\/postmanlaw.829dev.com\\\/legal-disclaimer\\\/\",\"url\":\"https:\\\/\\\/postmanlaw.829dev.com\\\/legal-disclaimer\\\/\",\"name\":\"Legal Disclaimer - Postman Law\",\"isPartOf\":{\"@id\":\"https:\\\/\\\/postmanlaw.829dev.com\\\/es\\\/#website\"},\"datePublished\":\"2025-05-15T21:19:10+00:00\",\"dateModified\":\"2025-09-08T18:23:59+00:00\",\"description\":\"Read our legal disclaimer.\",\"breadcrumb\":{\"@id\":\"https:\\\/\\\/postmanlaw.829dev.com\\\/legal-disclaimer\\\/#breadcrumb\"},\"inLanguage\":\"es-MX\",\"potentialAction\":[{\"@type\":\"ReadAction\",\"target\":[\"https:\\\/\\\/postmanlaw.829dev.com\\\/legal-disclaimer\\\/\"]}]},{\"@type\":\"BreadcrumbList\",\"@id\":\"https:\\\/\\\/postmanlaw.829dev.com\\\/legal-disclaimer\\\/#breadcrumb\",\"itemListElement\":[{\"@type\":\"ListItem\",\"position\":1,\"name\":\"Home\",\"item\":\"https:\\\/\\\/postmanlaw.829dev.com\\\/\"},{\"@type\":\"ListItem\",\"position\":2,\"name\":\"Legal Disclaimer\"}]},{\"@type\":\"WebSite\",\"@id\":\"https:\\\/\\\/postmanlaw.829dev.com\\\/es\\\/#website\",\"url\":\"https:\\\/\\\/postmanlaw.829dev.com\\\/es\\\/\",\"name\":\"Postman Law\",\"description\":\"Lawyer &amp; Law Firm\",\"publisher\":{\"@id\":\"https:\\\/\\\/postmanlaw.829dev.com\\\/es\\\/#organization\"},\"potentialAction\":[{\"@type\":\"SearchAction\",\"target\":{\"@type\":\"EntryPoint\",\"urlTemplate\":\"https:\\\/\\\/postmanlaw.829dev.com\\\/es\\\/?s={search_term_string}\"},\"query-input\":{\"@type\":\"PropertyValueSpecification\",\"valueRequired\":true,\"valueName\":\"search_term_string\"}}],\"inLanguage\":\"es-MX\"},{\"@type\":\"Organization\",\"@id\":\"https:\\\/\\\/postmanlaw.829dev.com\\\/es\\\/#organization\",\"name\":\"Postman Law\",\"url\":\"https:\\\/\\\/postmanlaw.829dev.com\\\/es\\\/\",\"logo\":{\"@type\":\"ImageObject\",\"inLanguage\":\"es-MX\",\"@id\":\"https:\\\/\\\/postmanlaw.829dev.com\\\/es\\\/#\\\/schema\\\/logo\\\/image\\\/\",\"url\":\"https:\\\/\\\/postmanlaw.829dev.com\\\/wp-content\\\/uploads\\\/2025\\\/06\\\/icon-logo-web.png\",\"contentUrl\":\"https:\\\/\\\/postmanlaw.829dev.com\\\/wp-content\\\/uploads\\\/2025\\\/06\\\/icon-logo-web.png\",\"width\":696,\"height\":696,\"caption\":\"Postman Law\"},\"image\":{\"@id\":\"https:\\\/\\\/postmanlaw.829dev.com\\\/es\\\/#\\\/schema\\\/logo\\\/image\\\/\"}}]}<\/script>\n<!-- \/ Yoast SEO plugin. -->","yoast_head_json":{"title":"Aviso legal - Postman Law","description":"Lea nuestro aviso legal.","robots":{"index":"index","follow":"follow","max-snippet":"max-snippet:-1","max-image-preview":"max-image-preview:large","max-video-preview":"max-video-preview:-1"},"canonical":"https:\/\/postmanlaw.829dev.com\/es\/aviso-legal\/","og_locale":"es_MX","og_type":"article","og_title":"Legal Disclaimer - Postman Law","og_description":"Read our legal disclaimer.","og_url":"https:\/\/postmanlaw.829dev.com\/es\/aviso-legal\/","og_site_name":"Postman Law","article_modified_time":"2025-09-08T18:23:59+00:00","twitter_card":"summary_large_image","twitter_misc":{"Est. reading time":"7 minutes"},"schema":{"@context":"https:\/\/schema.org","@graph":[{"@type":"WebPage","@id":"https:\/\/postmanlaw.829dev.com\/legal-disclaimer\/","url":"https:\/\/postmanlaw.829dev.com\/legal-disclaimer\/","name":"Aviso legal - Postman Law","isPartOf":{"@id":"https:\/\/postmanlaw.829dev.com\/es\/#website"},"datePublished":"2025-05-15T21:19:10+00:00","dateModified":"2025-09-08T18:23:59+00:00","description":"Lea nuestro aviso legal.","breadcrumb":{"@id":"https:\/\/postmanlaw.829dev.com\/legal-disclaimer\/#breadcrumb"},"inLanguage":"es-MX","potentialAction":[{"@type":"ReadAction","target":["https:\/\/postmanlaw.829dev.com\/legal-disclaimer\/"]}]},{"@type":"BreadcrumbList","@id":"https:\/\/postmanlaw.829dev.com\/legal-disclaimer\/#breadcrumb","itemListElement":[{"@type":"ListItem","position":1,"name":"Home","item":"https:\/\/postmanlaw.829dev.com\/"},{"@type":"ListItem","position":2,"name":"Legal Disclaimer"}]},{"@type":"WebSite","@id":"https:\/\/postmanlaw.829dev.com\/es\/#website","url":"https:\/\/postmanlaw.829dev.com\/es\/","name":"Ley del cartero","description":"Abogado y bufete de abogados","publisher":{"@id":"https:\/\/postmanlaw.829dev.com\/es\/#organization"},"potentialAction":[{"@type":"SearchAction","target":{"@type":"EntryPoint","urlTemplate":"https:\/\/postmanlaw.829dev.com\/es\/?s={search_term_string}"},"query-input":{"@type":"PropertyValueSpecification","valueRequired":true,"valueName":"search_term_string"}}],"inLanguage":"es-MX"},{"@type":"Organization","@id":"https:\/\/postmanlaw.829dev.com\/es\/#organization","name":"Ley del cartero","url":"https:\/\/postmanlaw.829dev.com\/es\/","logo":{"@type":"ImageObject","inLanguage":"es-MX","@id":"https:\/\/postmanlaw.829dev.com\/es\/#\/schema\/logo\/image\/","url":"https:\/\/postmanlaw.829dev.com\/wp-content\/uploads\/2025\/06\/icon-logo-web.png","contentUrl":"https:\/\/postmanlaw.829dev.com\/wp-content\/uploads\/2025\/06\/icon-logo-web.png","width":696,"height":696,"caption":"Postman Law"},"image":{"@id":"https:\/\/postmanlaw.829dev.com\/es\/#\/schema\/logo\/image\/"}}]}},"post_content_ungated":null,"_links":{"self":[{"href":"https:\/\/postmanlaw.829dev.com\/es\/wp-json\/wp\/v2\/pages\/6627","targetHints":{"allow":["GET"]}}],"collection":[{"href":"https:\/\/postmanlaw.829dev.com\/es\/wp-json\/wp\/v2\/pages"}],"about":[{"href":"https:\/\/postmanlaw.829dev.com\/es\/wp-json\/wp\/v2\/types\/page"}],"author":[{"embeddable":true,"href":"https:\/\/postmanlaw.829dev.com\/es\/wp-json\/wp\/v2\/users\/6"}],"replies":[{"embeddable":true,"href":"https:\/\/postmanlaw.829dev.com\/es\/wp-json\/wp\/v2\/comments?post=6627"}],"version-history":[{"count":0,"href":"https:\/\/postmanlaw.829dev.com\/es\/wp-json\/wp\/v2\/pages\/6627\/revisions"}],"wp:attachment":[{"href":"https:\/\/postmanlaw.829dev.com\/es\/wp-json\/wp\/v2\/media?parent=6627"}],"curies":[{"name":"wp","href":"https:\/\/api.w.org\/{rel}","templated":true}]}}