{"id":6732,"date":"2025-06-12T12:22:15","date_gmt":"2025-06-12T16:22:15","guid":{"rendered":"https:\/\/www.postmanlaw.com\/?page_id=6732"},"modified":"2025-09-30T11:33:24","modified_gmt":"2025-09-30T15:33:24","slug":"becas","status":"publish","type":"page","link":"https:\/\/postmanlaw.829dev.com\/es\/scholarships\/","title":{"rendered":"Becas"},"content":{"rendered":"","protected":false},"excerpt":{"rendered":"","protected":false},"author":6,"featured_media":0,"parent":0,"menu_order":6,"comment_status":"closed","ping_status":"closed","template":"","meta":{"_acf_changed":false,"_relevanssi_hide_post":"","_relevanssi_hide_content":"","_relevanssi_pin_for_all":"","_relevanssi_pin_keywords":"","_relevanssi_unpin_keywords":"","_relevanssi_related_keywords":"","_relevanssi_related_include_ids":"","_relevanssi_related_exclude_ids":"","_relevanssi_related_no_append":"","_relevanssi_related_not_related":"","_relevanssi_related_posts":"","_relevanssi_noindex_reason":"","footnotes":""},"class_list":["post-6732","page","type-page","status-publish","hentry"],"acf":[],"yoast_head":"<!-- This site is optimized with the Yoast SEO plugin v27.5 - https:\/\/yoast.com\/product\/yoast-seo-wordpress\/ -->\n<title>Postman Law Home Team Scholarship | Apply by Sept 28, 2025<\/title>\n<meta name=\"description\" content=\"Apply for the Postman Law Home Team Scholarship\u2014$1,000+ for undergrads in legal studies, pre-law, or political science. Deadline: Sept 28, 2025\" \/>\n<meta name=\"robots\" content=\"index, follow, max-snippet:-1, max-image-preview:large, max-video-preview:-1\" \/>\n<link rel=\"canonical\" href=\"https:\/\/postmanlaw.829dev.com\/es\/becas\/\" \/>\n<meta property=\"og:locale\" content=\"es_MX\" \/>\n<meta property=\"og:type\" content=\"article\" \/>\n<meta property=\"og:title\" content=\"Postman Law Home Team Scholarship | Apply by Sept 28, 2025\" \/>\n<meta property=\"og:description\" content=\"Apply for the Postman Law Home Team Scholarship\u2014$1,000+ for undergrads in legal studies, pre-law, or political science. Deadline: Sept 28, 2025\" \/>\n<meta property=\"og:url\" content=\"https:\/\/postmanlaw.829dev.com\/es\/becas\/\" \/>\n<meta property=\"og:site_name\" content=\"Postman Law\" \/>\n<meta property=\"article:modified_time\" content=\"2025-09-30T15:33:24+00:00\" \/>\n<meta name=\"twitter:card\" content=\"summary_large_image\" \/>\n<meta name=\"twitter:label1\" content=\"Est. reading time\" \/>\n\t<meta name=\"twitter:data1\" content=\"2 minutes\" \/>\n<script type=\"application\/ld+json\" class=\"yoast-schema-graph\">{\"@context\":\"https:\\\/\\\/schema.org\",\"@graph\":[{\"@type\":\"WebPage\",\"@id\":\"https:\\\/\\\/postmanlaw.829dev.com\\\/scholarships\\\/\",\"url\":\"https:\\\/\\\/postmanlaw.829dev.com\\\/scholarships\\\/\",\"name\":\"Postman Law Home Team Scholarship | Apply by Sept 28, 2025\",\"isPartOf\":{\"@id\":\"https:\\\/\\\/postmanlaw.829dev.com\\\/es\\\/#website\"},\"datePublished\":\"2025-06-12T16:22:15+00:00\",\"dateModified\":\"2025-09-30T15:33:24+00:00\",\"description\":\"Apply for the Postman Law Home Team Scholarship\u2014$1,000+ for undergrads in legal studies, pre-law, or political science. Deadline: Sept 28, 2025\",\"breadcrumb\":{\"@id\":\"https:\\\/\\\/postmanlaw.829dev.com\\\/scholarships\\\/#breadcrumb\"},\"inLanguage\":\"es-MX\",\"potentialAction\":[{\"@type\":\"ReadAction\",\"target\":[\"https:\\\/\\\/postmanlaw.829dev.com\\\/scholarships\\\/\"]}]},{\"@type\":\"BreadcrumbList\",\"@id\":\"https:\\\/\\\/postmanlaw.829dev.com\\\/scholarships\\\/#breadcrumb\",\"itemListElement\":[{\"@type\":\"ListItem\",\"position\":1,\"name\":\"Home\",\"item\":\"https:\\\/\\\/postmanlaw.829dev.com\\\/\"},{\"@type\":\"ListItem\",\"position\":2,\"name\":\"Scholarships\"}]},{\"@type\":\"WebSite\",\"@id\":\"https:\\\/\\\/postmanlaw.829dev.com\\\/es\\\/#website\",\"url\":\"https:\\\/\\\/postmanlaw.829dev.com\\\/es\\\/\",\"name\":\"Postman Law\",\"description\":\"Lawyer &amp; Law Firm\",\"publisher\":{\"@id\":\"https:\\\/\\\/postmanlaw.829dev.com\\\/es\\\/#organization\"},\"potentialAction\":[{\"@type\":\"SearchAction\",\"target\":{\"@type\":\"EntryPoint\",\"urlTemplate\":\"https:\\\/\\\/postmanlaw.829dev.com\\\/es\\\/?s={search_term_string}\"},\"query-input\":{\"@type\":\"PropertyValueSpecification\",\"valueRequired\":true,\"valueName\":\"search_term_string\"}}],\"inLanguage\":\"es-MX\"},{\"@type\":\"Organization\",\"@id\":\"https:\\\/\\\/postmanlaw.829dev.com\\\/es\\\/#organization\",\"name\":\"Postman Law\",\"url\":\"https:\\\/\\\/postmanlaw.829dev.com\\\/es\\\/\",\"logo\":{\"@type\":\"ImageObject\",\"inLanguage\":\"es-MX\",\"@id\":\"https:\\\/\\\/postmanlaw.829dev.com\\\/es\\\/#\\\/schema\\\/logo\\\/image\\\/\",\"url\":\"https:\\\/\\\/postmanlaw.829dev.com\\\/wp-content\\\/uploads\\\/2025\\\/06\\\/icon-logo-web.png\",\"contentUrl\":\"https:\\\/\\\/postmanlaw.829dev.com\\\/wp-content\\\/uploads\\\/2025\\\/06\\\/icon-logo-web.png\",\"width\":696,\"height\":696,\"caption\":\"Postman Law\"},\"image\":{\"@id\":\"https:\\\/\\\/postmanlaw.829dev.com\\\/es\\\/#\\\/schema\\\/logo\\\/image\\\/\"}}]}<\/script>\n<!-- \/ Yoast SEO plugin. -->","yoast_head_json":{"title":"Postman Law Home Team Scholarship | Presente su solicitud antes del 28 de septiembre de 2025","description":"Solicita la Beca Postman Law Home Team-$1.000+ para estudiantes universitarios de estudios jur\u00eddicos, pre-derecho o ciencias pol\u00edticas. Fecha l\u00edmite: 28 de septiembre de 2025","robots":{"index":"index","follow":"follow","max-snippet":"max-snippet:-1","max-image-preview":"max-image-preview:large","max-video-preview":"max-video-preview:-1"},"canonical":"https:\/\/postmanlaw.829dev.com\/es\/becas\/","og_locale":"es_MX","og_type":"article","og_title":"Postman Law Home Team Scholarship | Apply by Sept 28, 2025","og_description":"Apply for the Postman Law Home Team Scholarship\u2014$1,000+ for undergrads in legal studies, pre-law, or political science. Deadline: Sept 28, 2025","og_url":"https:\/\/postmanlaw.829dev.com\/es\/becas\/","og_site_name":"Postman Law","article_modified_time":"2025-09-30T15:33:24+00:00","twitter_card":"summary_large_image","twitter_misc":{"Est. reading time":"2 minutes"},"schema":{"@context":"https:\/\/schema.org","@graph":[{"@type":"WebPage","@id":"https:\/\/postmanlaw.829dev.com\/scholarships\/","url":"https:\/\/postmanlaw.829dev.com\/scholarships\/","name":"Postman Law Home Team Scholarship | Presente su solicitud antes del 28 de septiembre de 2025","isPartOf":{"@id":"https:\/\/postmanlaw.829dev.com\/es\/#website"},"datePublished":"2025-06-12T16:22:15+00:00","dateModified":"2025-09-30T15:33:24+00:00","description":"Solicita la Beca Postman Law Home Team-$1.000+ para estudiantes universitarios de estudios jur\u00eddicos, pre-derecho o ciencias pol\u00edticas. Fecha l\u00edmite: 28 de septiembre de 2025","breadcrumb":{"@id":"https:\/\/postmanlaw.829dev.com\/scholarships\/#breadcrumb"},"inLanguage":"es-MX","potentialAction":[{"@type":"ReadAction","target":["https:\/\/postmanlaw.829dev.com\/scholarships\/"]}]},{"@type":"BreadcrumbList","@id":"https:\/\/postmanlaw.829dev.com\/scholarships\/#breadcrumb","itemListElement":[{"@type":"ListItem","position":1,"name":"Home","item":"https:\/\/postmanlaw.829dev.com\/"},{"@type":"ListItem","position":2,"name":"Scholarships"}]},{"@type":"WebSite","@id":"https:\/\/postmanlaw.829dev.com\/es\/#website","url":"https:\/\/postmanlaw.829dev.com\/es\/","name":"Ley del cartero","description":"Abogado y bufete de abogados","publisher":{"@id":"https:\/\/postmanlaw.829dev.com\/es\/#organization"},"potentialAction":[{"@type":"SearchAction","target":{"@type":"EntryPoint","urlTemplate":"https:\/\/postmanlaw.829dev.com\/es\/?s={search_term_string}"},"query-input":{"@type":"PropertyValueSpecification","valueRequired":true,"valueName":"search_term_string"}}],"inLanguage":"es-MX"},{"@type":"Organization","@id":"https:\/\/postmanlaw.829dev.com\/es\/#organization","name":"Ley del cartero","url":"https:\/\/postmanlaw.829dev.com\/es\/","logo":{"@type":"ImageObject","inLanguage":"es-MX","@id":"https:\/\/postmanlaw.829dev.com\/es\/#\/schema\/logo\/image\/","url":"https:\/\/postmanlaw.829dev.com\/wp-content\/uploads\/2025\/06\/icon-logo-web.png","contentUrl":"https:\/\/postmanlaw.829dev.com\/wp-content\/uploads\/2025\/06\/icon-logo-web.png","width":696,"height":696,"caption":"Postman Law"},"image":{"@id":"https:\/\/postmanlaw.829dev.com\/es\/#\/schema\/logo\/image\/"}}]}},"post_content_ungated":null,"_links":{"self":[{"href":"https:\/\/postmanlaw.829dev.com\/es\/wp-json\/wp\/v2\/pages\/6732","targetHints":{"allow":["GET"]}}],"collection":[{"href":"https:\/\/postmanlaw.829dev.com\/es\/wp-json\/wp\/v2\/pages"}],"about":[{"href":"https:\/\/postmanlaw.829dev.com\/es\/wp-json\/wp\/v2\/types\/page"}],"author":[{"embeddable":true,"href":"https:\/\/postmanlaw.829dev.com\/es\/wp-json\/wp\/v2\/users\/6"}],"replies":[{"embeddable":true,"href":"https:\/\/postmanlaw.829dev.com\/es\/wp-json\/wp\/v2\/comments?post=6732"}],"version-history":[{"count":0,"href":"https:\/\/postmanlaw.829dev.com\/es\/wp-json\/wp\/v2\/pages\/6732\/revisions"}],"wp:attachment":[{"href":"https:\/\/postmanlaw.829dev.com\/es\/wp-json\/wp\/v2\/media?parent=6732"}],"curies":[{"name":"wp","href":"https:\/\/api.w.org\/{rel}","templated":true}]}}