{"id":7619,"date":"2025-08-07T13:54:53","date_gmt":"2025-08-07T17:54:53","guid":{"rendered":"https:\/\/www.postmanlaw.com\/?page_id=7619"},"modified":"2026-03-10T13:11:37","modified_gmt":"2026-03-10T17:11:37","slug":"resultados","status":"publish","type":"page","link":"https:\/\/postmanlaw.829dev.com\/es\/results\/","title":{"rendered":"Resultados"},"content":{"rendered":"","protected":false},"excerpt":{"rendered":"","protected":false},"author":15,"featured_media":0,"parent":0,"menu_order":3,"comment_status":"closed","ping_status":"closed","template":"","meta":{"_acf_changed":false,"_relevanssi_hide_post":"","_relevanssi_hide_content":"","_relevanssi_pin_for_all":"","_relevanssi_pin_keywords":"","_relevanssi_unpin_keywords":"","_relevanssi_related_keywords":"","_relevanssi_related_include_ids":"","_relevanssi_related_exclude_ids":"","_relevanssi_related_no_append":"","_relevanssi_related_not_related":"","_relevanssi_related_posts":"","_relevanssi_noindex_reason":"","footnotes":""},"class_list":["post-7619","page","type-page","status-publish","hentry"],"acf":[],"yoast_head":"<!-- This site is optimized with the Yoast SEO plugin v27.5 - https:\/\/yoast.com\/product\/yoast-seo-wordpress\/ -->\n<title>Case Results | Postman Law \u2013 $3B Recovered for 1.4M Clients Nationwide<\/title>\n<meta name=\"description\" content=\"Postman Law has secured over $3B for 1.4M+ clients nationwide. Explore our case results in auto accidents, medical malpractice, wrongful death &amp; more.\" \/>\n<meta name=\"robots\" content=\"index, follow, max-snippet:-1, max-image-preview:large, max-video-preview:-1\" \/>\n<link rel=\"canonical\" href=\"https:\/\/postmanlaw.829dev.com\/es\/resultados\/\" \/>\n<meta property=\"og:locale\" content=\"es_MX\" \/>\n<meta property=\"og:type\" content=\"article\" \/>\n<meta property=\"og:title\" content=\"Case Results | Postman Law \u2013 $3B Recovered for 1.4M Clients Nationwide\" \/>\n<meta property=\"og:description\" content=\"Postman Law has secured over $3B for 1.4M+ clients nationwide. Explore our case results in auto accidents, medical malpractice, wrongful death &amp; more.\" \/>\n<meta property=\"og:url\" content=\"https:\/\/postmanlaw.829dev.com\/es\/resultados\/\" \/>\n<meta property=\"og:site_name\" content=\"Postman Law\" \/>\n<meta property=\"article:modified_time\" content=\"2026-03-10T17:11:37+00:00\" \/>\n<meta name=\"twitter:card\" content=\"summary_large_image\" \/>\n<meta name=\"twitter:label1\" content=\"Est. reading time\" \/>\n\t<meta name=\"twitter:data1\" content=\"4 minutes\" \/>\n<script type=\"application\/ld+json\" class=\"yoast-schema-graph\">{\"@context\":\"https:\\\/\\\/schema.org\",\"@graph\":[{\"@type\":\"WebPage\",\"@id\":\"https:\\\/\\\/postmanlaw.829dev.com\\\/results\\\/\",\"url\":\"https:\\\/\\\/postmanlaw.829dev.com\\\/results\\\/\",\"name\":\"Case Results | Postman Law \u2013 $3B Recovered for 1.4M Clients Nationwide\",\"isPartOf\":{\"@id\":\"https:\\\/\\\/postmanlaw.829dev.com\\\/es\\\/#website\"},\"datePublished\":\"2025-08-07T17:54:53+00:00\",\"dateModified\":\"2026-03-10T17:11:37+00:00\",\"description\":\"Postman Law has secured over $3B for 1.4M+ clients nationwide. Explore our case results in auto accidents, medical malpractice, wrongful death & more.\",\"breadcrumb\":{\"@id\":\"https:\\\/\\\/postmanlaw.829dev.com\\\/results\\\/#breadcrumb\"},\"inLanguage\":\"es-MX\",\"potentialAction\":[{\"@type\":\"ReadAction\",\"target\":[\"https:\\\/\\\/postmanlaw.829dev.com\\\/results\\\/\"]}]},{\"@type\":\"BreadcrumbList\",\"@id\":\"https:\\\/\\\/postmanlaw.829dev.com\\\/results\\\/#breadcrumb\",\"itemListElement\":[{\"@type\":\"ListItem\",\"position\":1,\"name\":\"Home\",\"item\":\"https:\\\/\\\/postmanlaw.829dev.com\\\/\"},{\"@type\":\"ListItem\",\"position\":2,\"name\":\"Results\"}]},{\"@type\":\"WebSite\",\"@id\":\"https:\\\/\\\/postmanlaw.829dev.com\\\/es\\\/#website\",\"url\":\"https:\\\/\\\/postmanlaw.829dev.com\\\/es\\\/\",\"name\":\"Postman Law\",\"description\":\"Lawyer &amp; Law Firm\",\"publisher\":{\"@id\":\"https:\\\/\\\/postmanlaw.829dev.com\\\/es\\\/#organization\"},\"potentialAction\":[{\"@type\":\"SearchAction\",\"target\":{\"@type\":\"EntryPoint\",\"urlTemplate\":\"https:\\\/\\\/postmanlaw.829dev.com\\\/es\\\/?s={search_term_string}\"},\"query-input\":{\"@type\":\"PropertyValueSpecification\",\"valueRequired\":true,\"valueName\":\"search_term_string\"}}],\"inLanguage\":\"es-MX\"},{\"@type\":\"Organization\",\"@id\":\"https:\\\/\\\/postmanlaw.829dev.com\\\/es\\\/#organization\",\"name\":\"Postman Law\",\"url\":\"https:\\\/\\\/postmanlaw.829dev.com\\\/es\\\/\",\"logo\":{\"@type\":\"ImageObject\",\"inLanguage\":\"es-MX\",\"@id\":\"https:\\\/\\\/postmanlaw.829dev.com\\\/es\\\/#\\\/schema\\\/logo\\\/image\\\/\",\"url\":\"https:\\\/\\\/postmanlaw.829dev.com\\\/wp-content\\\/uploads\\\/2025\\\/06\\\/icon-logo-web.png\",\"contentUrl\":\"https:\\\/\\\/postmanlaw.829dev.com\\\/wp-content\\\/uploads\\\/2025\\\/06\\\/icon-logo-web.png\",\"width\":696,\"height\":696,\"caption\":\"Postman Law\"},\"image\":{\"@id\":\"https:\\\/\\\/postmanlaw.829dev.com\\\/es\\\/#\\\/schema\\\/logo\\\/image\\\/\"}}]}<\/script>\n<!-- \/ Yoast SEO plugin. -->","yoast_head_json":{"title":"Resultados de casos - Postman Law - $3B recuperado para 1,4 millones de clientes en todo el pa\u00eds","description":"Postman Law ha asegurado m\u00e1s de $3B para m\u00e1s de 1.4M de clientes en todo el pa\u00eds. Explore nuestros resultados de casos en accidentes automovil\u00edsticos, negligencia m\u00e9dica, homicidio culposo y m\u00e1s.","robots":{"index":"index","follow":"follow","max-snippet":"max-snippet:-1","max-image-preview":"max-image-preview:large","max-video-preview":"max-video-preview:-1"},"canonical":"https:\/\/postmanlaw.829dev.com\/es\/resultados\/","og_locale":"es_MX","og_type":"article","og_title":"Case Results | Postman Law \u2013 $3B Recovered for 1.4M Clients Nationwide","og_description":"Postman Law has secured over $3B for 1.4M+ clients nationwide. Explore our case results in auto accidents, medical malpractice, wrongful death & more.","og_url":"https:\/\/postmanlaw.829dev.com\/es\/resultados\/","og_site_name":"Postman Law","article_modified_time":"2026-03-10T17:11:37+00:00","twitter_card":"summary_large_image","twitter_misc":{"Est. reading time":"4 minutes"},"schema":{"@context":"https:\/\/schema.org","@graph":[{"@type":"WebPage","@id":"https:\/\/postmanlaw.829dev.com\/results\/","url":"https:\/\/postmanlaw.829dev.com\/results\/","name":"Resultados de casos - Postman Law - $3B recuperado para 1,4 millones de clientes en todo el pa\u00eds","isPartOf":{"@id":"https:\/\/postmanlaw.829dev.com\/es\/#website"},"datePublished":"2025-08-07T17:54:53+00:00","dateModified":"2026-03-10T17:11:37+00:00","description":"Postman Law ha asegurado m\u00e1s de $3B para m\u00e1s de 1.4M de clientes en todo el pa\u00eds. Explore nuestros resultados de casos en accidentes automovil\u00edsticos, negligencia m\u00e9dica, homicidio culposo y m\u00e1s.","breadcrumb":{"@id":"https:\/\/postmanlaw.829dev.com\/results\/#breadcrumb"},"inLanguage":"es-MX","potentialAction":[{"@type":"ReadAction","target":["https:\/\/postmanlaw.829dev.com\/results\/"]}]},{"@type":"BreadcrumbList","@id":"https:\/\/postmanlaw.829dev.com\/results\/#breadcrumb","itemListElement":[{"@type":"ListItem","position":1,"name":"Home","item":"https:\/\/postmanlaw.829dev.com\/"},{"@type":"ListItem","position":2,"name":"Results"}]},{"@type":"WebSite","@id":"https:\/\/postmanlaw.829dev.com\/es\/#website","url":"https:\/\/postmanlaw.829dev.com\/es\/","name":"Ley del cartero","description":"Abogado y bufete de abogados","publisher":{"@id":"https:\/\/postmanlaw.829dev.com\/es\/#organization"},"potentialAction":[{"@type":"SearchAction","target":{"@type":"EntryPoint","urlTemplate":"https:\/\/postmanlaw.829dev.com\/es\/?s={search_term_string}"},"query-input":{"@type":"PropertyValueSpecification","valueRequired":true,"valueName":"search_term_string"}}],"inLanguage":"es-MX"},{"@type":"Organization","@id":"https:\/\/postmanlaw.829dev.com\/es\/#organization","name":"Ley del cartero","url":"https:\/\/postmanlaw.829dev.com\/es\/","logo":{"@type":"ImageObject","inLanguage":"es-MX","@id":"https:\/\/postmanlaw.829dev.com\/es\/#\/schema\/logo\/image\/","url":"https:\/\/postmanlaw.829dev.com\/wp-content\/uploads\/2025\/06\/icon-logo-web.png","contentUrl":"https:\/\/postmanlaw.829dev.com\/wp-content\/uploads\/2025\/06\/icon-logo-web.png","width":696,"height":696,"caption":"Postman Law"},"image":{"@id":"https:\/\/postmanlaw.829dev.com\/es\/#\/schema\/logo\/image\/"}}]}},"post_content_ungated":null,"_links":{"self":[{"href":"https:\/\/postmanlaw.829dev.com\/es\/wp-json\/wp\/v2\/pages\/7619","targetHints":{"allow":["GET"]}}],"collection":[{"href":"https:\/\/postmanlaw.829dev.com\/es\/wp-json\/wp\/v2\/pages"}],"about":[{"href":"https:\/\/postmanlaw.829dev.com\/es\/wp-json\/wp\/v2\/types\/page"}],"author":[{"embeddable":true,"href":"https:\/\/postmanlaw.829dev.com\/es\/wp-json\/wp\/v2\/users\/15"}],"replies":[{"embeddable":true,"href":"https:\/\/postmanlaw.829dev.com\/es\/wp-json\/wp\/v2\/comments?post=7619"}],"version-history":[{"count":0,"href":"https:\/\/postmanlaw.829dev.com\/es\/wp-json\/wp\/v2\/pages\/7619\/revisions"}],"wp:attachment":[{"href":"https:\/\/postmanlaw.829dev.com\/es\/wp-json\/wp\/v2\/media?parent=7619"}],"curies":[{"name":"wp","href":"https:\/\/api.w.org\/{rel}","templated":true}]}}